{"id":17,"date":"2019-09-16T20:04:57","date_gmt":"2019-09-16T20:04:57","guid":{"rendered":"http:\/\/localhost\/acessplus\/?page_id=17"},"modified":"2019-10-07T20:09:01","modified_gmt":"2019-10-07T20:09:01","slug":"servicos","status":"publish","type":"page","link":"https:\/\/acessplus.com.br\/index.php\/servicos\/","title":{"rendered":"SERVI\u00c7OS"},"content":{"rendered":"\n<h4 class=\"wp-block-heading\" style=\"text-align:center\"><strong>Servi\u00e7os para manter a qualidade e seguran\u00e7a de nossos produtos. Conhe\u00e7a!<\/strong><\/h4>\n","protected":false},"excerpt":{"rendered":"<p>Servi\u00e7os para manter a qualidade e seguran\u00e7a de nossos produtos. Conhe\u00e7a!<\/p>\n","protected":false},"author":1,"featured_media":0,"parent":0,"menu_order":0,"comment_status":"closed","ping_status":"closed","template":"page-servicos.php","meta":{"_exactmetrics_skip_tracking":false,"_exactmetrics_sitenote_active":false,"_exactmetrics_sitenote_note":"","_exactmetrics_sitenote_category":0},"acf":[],"yoast_head":"<!-- This site is optimized with the Yoast SEO plugin v20.11 - https:\/\/yoast.com\/wordpress\/plugins\/seo\/ -->\n<title>SERVI\u00c7OS - AcessPlus Elevadores - Parnamirim - RN<\/title>\n<meta name=\"robots\" content=\"index, follow, max-snippet:-1, max-image-preview:large, max-video-preview:-1\" \/>\n<link rel=\"canonical\" href=\"https:\/\/acessplus.com.br\/index.php\/servicos\/\" \/>\n<meta property=\"og:locale\" content=\"pt_BR\" \/>\n<meta property=\"og:type\" content=\"article\" \/>\n<meta property=\"og:title\" content=\"SERVI\u00c7OS - AcessPlus Elevadores - Parnamirim - RN\" \/>\n<meta property=\"og:description\" content=\"Servi\u00e7os para manter a qualidade e seguran\u00e7a de nossos produtos. Conhe\u00e7a!\" \/>\n<meta property=\"og:url\" content=\"https:\/\/acessplus.com.br\/index.php\/servicos\/\" \/>\n<meta property=\"og:site_name\" content=\"AcessPlus Elevadores - Parnamirim - RN\" \/>\n<meta property=\"article:modified_time\" content=\"2019-10-07T20:09:01+00:00\" \/>\n<meta name=\"twitter:card\" content=\"summary_large_image\" \/>\n<script type=\"application\/ld+json\" class=\"yoast-schema-graph\">{\"@context\":\"https:\/\/schema.org\",\"@graph\":[{\"@type\":\"WebPage\",\"@id\":\"https:\/\/acessplus.com.br\/index.php\/servicos\/\",\"url\":\"https:\/\/acessplus.com.br\/index.php\/servicos\/\",\"name\":\"SERVI\u00c7OS - AcessPlus Elevadores - Parnamirim - RN\",\"isPartOf\":{\"@id\":\"https:\/\/acessplus.com.br\/#website\"},\"datePublished\":\"2019-09-16T20:04:57+00:00\",\"dateModified\":\"2019-10-07T20:09:01+00:00\",\"breadcrumb\":{\"@id\":\"https:\/\/acessplus.com.br\/index.php\/servicos\/#breadcrumb\"},\"inLanguage\":\"pt-BR\",\"potentialAction\":[{\"@type\":\"ReadAction\",\"target\":[\"https:\/\/acessplus.com.br\/index.php\/servicos\/\"]}]},{\"@type\":\"BreadcrumbList\",\"@id\":\"https:\/\/acessplus.com.br\/index.php\/servicos\/#breadcrumb\",\"itemListElement\":[{\"@type\":\"ListItem\",\"position\":1,\"name\":\"Home\",\"item\":\"https:\/\/acessplus.com.br\/\"},{\"@type\":\"ListItem\",\"position\":2,\"name\":\"SERVI\u00c7OS\"}]},{\"@type\":\"WebSite\",\"@id\":\"https:\/\/acessplus.com.br\/#website\",\"url\":\"https:\/\/acessplus.com.br\/\",\"name\":\"AcessPlus Elevadores - Parnamirim - RN\",\"description\":\"Elevadores, Plataformas, Cadeiras elevadoras, Manuten\u00e7\u00e3o, Chamados de emerg\u00eancia.\",\"potentialAction\":[{\"@type\":\"SearchAction\",\"target\":{\"@type\":\"EntryPoint\",\"urlTemplate\":\"https:\/\/acessplus.com.br\/?s={search_term_string}\"},\"query-input\":\"required name=search_term_string\"}],\"inLanguage\":\"pt-BR\"}]}<\/script>\n<!-- \/ Yoast SEO plugin. -->","yoast_head_json":{"title":"SERVI\u00c7OS - AcessPlus Elevadores - Parnamirim - RN","robots":{"index":"index","follow":"follow","max-snippet":"max-snippet:-1","max-image-preview":"max-image-preview:large","max-video-preview":"max-video-preview:-1"},"canonical":"https:\/\/acessplus.com.br\/index.php\/servicos\/","og_locale":"pt_BR","og_type":"article","og_title":"SERVI\u00c7OS - AcessPlus Elevadores - Parnamirim - RN","og_description":"Servi\u00e7os para manter a qualidade e seguran\u00e7a de nossos produtos. Conhe\u00e7a!","og_url":"https:\/\/acessplus.com.br\/index.php\/servicos\/","og_site_name":"AcessPlus Elevadores - Parnamirim - RN","article_modified_time":"2019-10-07T20:09:01+00:00","twitter_card":"summary_large_image","schema":{"@context":"https:\/\/schema.org","@graph":[{"@type":"WebPage","@id":"https:\/\/acessplus.com.br\/index.php\/servicos\/","url":"https:\/\/acessplus.com.br\/index.php\/servicos\/","name":"SERVI\u00c7OS - AcessPlus Elevadores - Parnamirim - RN","isPartOf":{"@id":"https:\/\/acessplus.com.br\/#website"},"datePublished":"2019-09-16T20:04:57+00:00","dateModified":"2019-10-07T20:09:01+00:00","breadcrumb":{"@id":"https:\/\/acessplus.com.br\/index.php\/servicos\/#breadcrumb"},"inLanguage":"pt-BR","potentialAction":[{"@type":"ReadAction","target":["https:\/\/acessplus.com.br\/index.php\/servicos\/"]}]},{"@type":"BreadcrumbList","@id":"https:\/\/acessplus.com.br\/index.php\/servicos\/#breadcrumb","itemListElement":[{"@type":"ListItem","position":1,"name":"Home","item":"https:\/\/acessplus.com.br\/"},{"@type":"ListItem","position":2,"name":"SERVI\u00c7OS"}]},{"@type":"WebSite","@id":"https:\/\/acessplus.com.br\/#website","url":"https:\/\/acessplus.com.br\/","name":"AcessPlus Elevadores - Parnamirim - RN","description":"Elevadores, Plataformas, Cadeiras elevadoras, Manuten\u00e7\u00e3o, Chamados de emerg\u00eancia.","potentialAction":[{"@type":"SearchAction","target":{"@type":"EntryPoint","urlTemplate":"https:\/\/acessplus.com.br\/?s={search_term_string}"},"query-input":"required name=search_term_string"}],"inLanguage":"pt-BR"}]}},"_links":{"self":[{"href":"https:\/\/acessplus.com.br\/index.php\/wp-json\/wp\/v2\/pages\/17"}],"collection":[{"href":"https:\/\/acessplus.com.br\/index.php\/wp-json\/wp\/v2\/pages"}],"about":[{"href":"https:\/\/acessplus.com.br\/index.php\/wp-json\/wp\/v2\/types\/page"}],"author":[{"embeddable":true,"href":"https:\/\/acessplus.com.br\/index.php\/wp-json\/wp\/v2\/users\/1"}],"replies":[{"embeddable":true,"href":"https:\/\/acessplus.com.br\/index.php\/wp-json\/wp\/v2\/comments?post=17"}],"version-history":[{"count":7,"href":"https:\/\/acessplus.com.br\/index.php\/wp-json\/wp\/v2\/pages\/17\/revisions"}],"predecessor-version":[{"id":179,"href":"https:\/\/acessplus.com.br\/index.php\/wp-json\/wp\/v2\/pages\/17\/revisions\/179"}],"wp:attachment":[{"href":"https:\/\/acessplus.com.br\/index.php\/wp-json\/wp\/v2\/media?parent=17"}],"curies":[{"name":"wp","href":"https:\/\/api.w.org\/{rel}","templated":true}]}}