{"id":15,"date":"2019-09-16T20:04:45","date_gmt":"2019-09-16T20:04:45","guid":{"rendered":"http:\/\/localhost\/acessplus\/?page_id=15"},"modified":"2019-10-08T11:41:53","modified_gmt":"2019-10-08T11:41:53","slug":"produtos","status":"publish","type":"page","link":"https:\/\/acessplus.com.br\/index.php\/produtos\/","title":{"rendered":"PRODUTOS"},"content":{"rendered":"\n<h4 class=\"wp-block-heading\" style=\"text-align:center\"><strong>Plataformas e Elevadores Comerciais e Residencias de Acessibilidade<\/strong><\/h4>\n","protected":false},"excerpt":{"rendered":"<p>Plataformas e Elevadores Comerciais e Residencias de Acessibilidade<\/p>\n","protected":false},"author":1,"featured_media":0,"parent":0,"menu_order":0,"comment_status":"closed","ping_status":"closed","template":"","meta":{"_exactmetrics_skip_tracking":false,"_exactmetrics_sitenote_active":false,"_exactmetrics_sitenote_note":"","_exactmetrics_sitenote_category":0},"acf":[],"yoast_head":"<!-- This site is optimized with the Yoast SEO plugin v20.11 - https:\/\/yoast.com\/wordpress\/plugins\/seo\/ -->\n<title>PRODUTOS - AcessPlus Elevadores - Parnamirim - RN<\/title>\n<meta name=\"robots\" content=\"index, follow, max-snippet:-1, max-image-preview:large, max-video-preview:-1\" \/>\n<link rel=\"canonical\" href=\"https:\/\/acessplus.com.br\/index.php\/produtos\/\" \/>\n<meta property=\"og:locale\" content=\"pt_BR\" \/>\n<meta property=\"og:type\" content=\"article\" \/>\n<meta property=\"og:title\" content=\"PRODUTOS - AcessPlus Elevadores - Parnamirim - RN\" \/>\n<meta property=\"og:description\" content=\"Plataformas e Elevadores Comerciais e Residencias de Acessibilidade\" \/>\n<meta property=\"og:url\" content=\"https:\/\/acessplus.com.br\/index.php\/produtos\/\" \/>\n<meta property=\"og:site_name\" content=\"AcessPlus Elevadores - Parnamirim - RN\" \/>\n<meta property=\"article:modified_time\" content=\"2019-10-08T11:41:53+00:00\" \/>\n<meta name=\"twitter:card\" content=\"summary_large_image\" \/>\n<script type=\"application\/ld+json\" class=\"yoast-schema-graph\">{\"@context\":\"https:\/\/schema.org\",\"@graph\":[{\"@type\":\"WebPage\",\"@id\":\"https:\/\/acessplus.com.br\/index.php\/produtos\/\",\"url\":\"https:\/\/acessplus.com.br\/index.php\/produtos\/\",\"name\":\"PRODUTOS - AcessPlus Elevadores - Parnamirim - RN\",\"isPartOf\":{\"@id\":\"https:\/\/acessplus.com.br\/#website\"},\"datePublished\":\"2019-09-16T20:04:45+00:00\",\"dateModified\":\"2019-10-08T11:41:53+00:00\",\"breadcrumb\":{\"@id\":\"https:\/\/acessplus.com.br\/index.php\/produtos\/#breadcrumb\"},\"inLanguage\":\"pt-BR\",\"potentialAction\":[{\"@type\":\"ReadAction\",\"target\":[\"https:\/\/acessplus.com.br\/index.php\/produtos\/\"]}]},{\"@type\":\"BreadcrumbList\",\"@id\":\"https:\/\/acessplus.com.br\/index.php\/produtos\/#breadcrumb\",\"itemListElement\":[{\"@type\":\"ListItem\",\"position\":1,\"name\":\"Home\",\"item\":\"https:\/\/acessplus.com.br\/\"},{\"@type\":\"ListItem\",\"position\":2,\"name\":\"PRODUTOS\"}]},{\"@type\":\"WebSite\",\"@id\":\"https:\/\/acessplus.com.br\/#website\",\"url\":\"https:\/\/acessplus.com.br\/\",\"name\":\"AcessPlus Elevadores - Parnamirim - RN\",\"description\":\"Elevadores, Plataformas, Cadeiras elevadoras, Manuten\u00e7\u00e3o, Chamados de emerg\u00eancia.\",\"potentialAction\":[{\"@type\":\"SearchAction\",\"target\":{\"@type\":\"EntryPoint\",\"urlTemplate\":\"https:\/\/acessplus.com.br\/?s={search_term_string}\"},\"query-input\":\"required name=search_term_string\"}],\"inLanguage\":\"pt-BR\"}]}<\/script>\n<!-- \/ Yoast SEO plugin. -->","yoast_head_json":{"title":"PRODUTOS - AcessPlus Elevadores - Parnamirim - RN","robots":{"index":"index","follow":"follow","max-snippet":"max-snippet:-1","max-image-preview":"max-image-preview:large","max-video-preview":"max-video-preview:-1"},"canonical":"https:\/\/acessplus.com.br\/index.php\/produtos\/","og_locale":"pt_BR","og_type":"article","og_title":"PRODUTOS - AcessPlus Elevadores - Parnamirim - RN","og_description":"Plataformas e Elevadores Comerciais e Residencias de Acessibilidade","og_url":"https:\/\/acessplus.com.br\/index.php\/produtos\/","og_site_name":"AcessPlus Elevadores - Parnamirim - RN","article_modified_time":"2019-10-08T11:41:53+00:00","twitter_card":"summary_large_image","schema":{"@context":"https:\/\/schema.org","@graph":[{"@type":"WebPage","@id":"https:\/\/acessplus.com.br\/index.php\/produtos\/","url":"https:\/\/acessplus.com.br\/index.php\/produtos\/","name":"PRODUTOS - AcessPlus Elevadores - Parnamirim - RN","isPartOf":{"@id":"https:\/\/acessplus.com.br\/#website"},"datePublished":"2019-09-16T20:04:45+00:00","dateModified":"2019-10-08T11:41:53+00:00","breadcrumb":{"@id":"https:\/\/acessplus.com.br\/index.php\/produtos\/#breadcrumb"},"inLanguage":"pt-BR","potentialAction":[{"@type":"ReadAction","target":["https:\/\/acessplus.com.br\/index.php\/produtos\/"]}]},{"@type":"BreadcrumbList","@id":"https:\/\/acessplus.com.br\/index.php\/produtos\/#breadcrumb","itemListElement":[{"@type":"ListItem","position":1,"name":"Home","item":"https:\/\/acessplus.com.br\/"},{"@type":"ListItem","position":2,"name":"PRODUTOS"}]},{"@type":"WebSite","@id":"https:\/\/acessplus.com.br\/#website","url":"https:\/\/acessplus.com.br\/","name":"AcessPlus Elevadores - Parnamirim - RN","description":"Elevadores, Plataformas, Cadeiras elevadoras, Manuten\u00e7\u00e3o, Chamados de emerg\u00eancia.","potentialAction":[{"@type":"SearchAction","target":{"@type":"EntryPoint","urlTemplate":"https:\/\/acessplus.com.br\/?s={search_term_string}"},"query-input":"required name=search_term_string"}],"inLanguage":"pt-BR"}]}},"_links":{"self":[{"href":"https:\/\/acessplus.com.br\/index.php\/wp-json\/wp\/v2\/pages\/15"}],"collection":[{"href":"https:\/\/acessplus.com.br\/index.php\/wp-json\/wp\/v2\/pages"}],"about":[{"href":"https:\/\/acessplus.com.br\/index.php\/wp-json\/wp\/v2\/types\/page"}],"author":[{"embeddable":true,"href":"https:\/\/acessplus.com.br\/index.php\/wp-json\/wp\/v2\/users\/1"}],"replies":[{"embeddable":true,"href":"https:\/\/acessplus.com.br\/index.php\/wp-json\/wp\/v2\/comments?post=15"}],"version-history":[{"count":5,"href":"https:\/\/acessplus.com.br\/index.php\/wp-json\/wp\/v2\/pages\/15\/revisions"}],"predecessor-version":[{"id":180,"href":"https:\/\/acessplus.com.br\/index.php\/wp-json\/wp\/v2\/pages\/15\/revisions\/180"}],"wp:attachment":[{"href":"https:\/\/acessplus.com.br\/index.php\/wp-json\/wp\/v2\/media?parent=15"}],"curies":[{"name":"wp","href":"https:\/\/api.w.org\/{rel}","templated":true}]}}